{"id":2207,"date":"2024-07-03T06:34:01","date_gmt":"2024-07-03T06:34:01","guid":{"rendered":"https:\/\/nehstore.com\/nyshop\/?post_type=product&#038;p=2207"},"modified":"2024-07-03T07:05:42","modified_gmt":"2024-07-03T07:05:42","slug":"fardig-shop","status":"publish","type":"product","link":"https:\/\/nehstore.com\/nyshop\/produkt\/fardig-shop\/","title":{"rendered":"F\u00e4rdig shop"},"content":{"rendered":"","protected":false},"excerpt":{"rendered":"<p>Vi har full f\u00f6rst\u00e5else f\u00f6r att det kan ta l\u00e5ng tid att best\u00e4mma sitt egna sortiment, tid som man kanske inte riktigt har. D\u00e4rf\u00f6r har vi skapat denna produkt.<\/p>\n<p>H\u00e4r \u00e4r ett paket till dig som vill att det ska g\u00e5 snabbt och att processen ska vara enkelt! Ni fyller i era \u00f6nskem\u00e5l och vi skapar ett sortiment utifr\u00e5n det. Enklare \u00e4n s\u00e5 kan det inte bli!<\/p>\n<p><em>Gl\u00f6m inte att addera ett startpaket innan du slutf\u00f6r ditt k\u00f6p. Vi anpassar trycken\/brodyrerna efter valt startpaket.<\/em><\/p>\n","protected":false},"featured_media":2208,"template":"","meta":[],"product_brand":[],"product_cat":[181,28],"product_tag":[],"class_list":{"0":"post-2207","1":"product","2":"type-product","3":"status-publish","4":"has-post-thumbnail","6":"product_cat-fardiga-paket","7":"product_cat-ovrigt","8":"has-post-title","9":"has-post-date","10":"has-post-category","11":"has-post-tag","12":"has-post-comment","13":"has-post-author","14":"","16":"first","17":"instock","18":"shipping-taxable","19":"purchasable","20":"product-type-simple"},"builder_content":"","_links":{"self":[{"href":"https:\/\/nehstore.com\/nyshop\/wp-json\/wp\/v2\/product\/2207","targetHints":{"allow":["GET"]}}],"collection":[{"href":"https:\/\/nehstore.com\/nyshop\/wp-json\/wp\/v2\/product"}],"about":[{"href":"https:\/\/nehstore.com\/nyshop\/wp-json\/wp\/v2\/types\/product"}],"wp:featuredmedia":[{"embeddable":true,"href":"https:\/\/nehstore.com\/nyshop\/wp-json\/wp\/v2\/media\/2208"}],"wp:attachment":[{"href":"https:\/\/nehstore.com\/nyshop\/wp-json\/wp\/v2\/media?parent=2207"}],"wp:term":[{"taxonomy":"product_brand","embeddable":true,"href":"https:\/\/nehstore.com\/nyshop\/wp-json\/wp\/v2\/product_brand?post=2207"},{"taxonomy":"product_cat","embeddable":true,"href":"https:\/\/nehstore.com\/nyshop\/wp-json\/wp\/v2\/product_cat?post=2207"},{"taxonomy":"product_tag","embeddable":true,"href":"https:\/\/nehstore.com\/nyshop\/wp-json\/wp\/v2\/product_tag?post=2207"}],"curies":[{"name":"wp","href":"https:\/\/api.w.org\/{rel}","templated":true}]}}