{"id":547,"date":"2024-01-17T11:14:38","date_gmt":"2024-01-17T11:14:38","guid":{"rendered":"https:\/\/nehstore.com\/nyshop\/?post_type=product&#038;p=547"},"modified":"2024-04-26T12:48:38","modified_gmt":"2024-04-26T12:48:38","slug":"t-shirt-ls-funktion-herr","status":"publish","type":"product","link":"https:\/\/nehstore.com\/nyshop\/produkt\/t-shirt-ls-funktion-herr\/","title":{"rendered":"T-shirt LS Funktion, Herr"},"content":{"rendered":"<p>Denna produkt finns \u00e4ven f\u00f6r <strong>DAM \u2013<\/strong> <a href=\"https:\/\/nehstore.com\/nyshop\/product\/t-shirt-ls-funktion-dam\/\"><em>klicka h\u00e4r<\/em><\/a><\/p>\n<p>Denna produkt finns \u00e4ven f\u00f6r <strong>BARN \u2013<\/strong> <a href=\"https:\/\/nehstore.com\/nyshop\/product\/t-shirt-ls-funktion-barn\/\"><em>klicka h\u00e4r<\/em><\/a><\/p>\n","protected":false},"excerpt":{"rendered":"<p>Spun dyed funktionst-shirt gjord med interlock stickning, sids\u00f6mmar och f\u00f6rst\u00e4rkt nackband. Spun dyed \u00e4r en process d\u00e4r f\u00e4rgpigment adderas dirket till textfibern. Detta reducerar markant s\u00e5v\u00e4l m\u00e4ngden vatten som kemikalier som anv\u00e4nds vid sj\u00e4lva produktionen. Vilket i sin tur inneb\u00e4r en \u00e4n mer milj\u00f6v\u00e4nlig produktion som dessutom ger ett b\u00e4ttre f\u00e4rgdjup och f\u00e4rgbest\u00e4ndighet.<\/p>\n<div>\n<div><strong>Storlekar: <\/strong>XS &#8211; 4XL<\/div>\n<div class=\"Text-sc-s31epd-0 iOMnrj d-inline f3-700 mr-1\"><strong>Material:<\/strong> 100% polyester<\/div>\n<div>\n<div>\n<div class=\"Text-sc-s31epd-0 iOMnrj d-inline f3-700 mr-1\"><strong>Vikt:<\/strong> 135 g\/m2<\/div>\n<\/div>\n<\/div>\n<\/div>\n","protected":false},"featured_media":549,"template":"","meta":[],"product_brand":[],"product_cat":[20,22],"product_tag":[65,58,66,67,31,32,64,34,33],"class_list":{"0":"post-547","1":"product","2":"type-product","3":"status-publish","4":"has-post-thumbnail","6":"product_cat-herr","7":"product_cat-klader","8":"product_tag-funktion","9":"product_tag-herr","10":"product_tag-langarmad","11":"product_tag-ls","12":"product_tag-t-shirt","13":"product_tag-tee","14":"product_tag-traning","15":"product_tag-troja","16":"product_tag-tshirt","17":"has-post-title","18":"has-post-date","19":"has-post-category","20":"has-post-tag","21":"has-post-comment","22":"has-post-author","23":"","25":"first","26":"instock","27":"shipping-taxable","28":"purchasable","29":"product-type-variable"},"builder_content":"","_links":{"self":[{"href":"https:\/\/nehstore.com\/nyshop\/wp-json\/wp\/v2\/product\/547","targetHints":{"allow":["GET"]}}],"collection":[{"href":"https:\/\/nehstore.com\/nyshop\/wp-json\/wp\/v2\/product"}],"about":[{"href":"https:\/\/nehstore.com\/nyshop\/wp-json\/wp\/v2\/types\/product"}],"wp:featuredmedia":[{"embeddable":true,"href":"https:\/\/nehstore.com\/nyshop\/wp-json\/wp\/v2\/media\/549"}],"wp:attachment":[{"href":"https:\/\/nehstore.com\/nyshop\/wp-json\/wp\/v2\/media?parent=547"}],"wp:term":[{"taxonomy":"product_brand","embeddable":true,"href":"https:\/\/nehstore.com\/nyshop\/wp-json\/wp\/v2\/product_brand?post=547"},{"taxonomy":"product_cat","embeddable":true,"href":"https:\/\/nehstore.com\/nyshop\/wp-json\/wp\/v2\/product_cat?post=547"},{"taxonomy":"product_tag","embeddable":true,"href":"https:\/\/nehstore.com\/nyshop\/wp-json\/wp\/v2\/product_tag?post=547"}],"curies":[{"name":"wp","href":"https:\/\/api.w.org\/{rel}","templated":true}]}}