{"id":592,"date":"2024-01-17T12:14:29","date_gmt":"2024-01-17T12:14:29","guid":{"rendered":"https:\/\/nehstore.com\/nyshop\/?post_type=product&#038;p=592"},"modified":"2024-04-26T08:37:45","modified_gmt":"2024-04-26T08:37:45","slug":"startpaket-basic","status":"publish","type":"product","link":"https:\/\/nehstore.com\/nyshop\/produkt\/startpaket-basic\/","title":{"rendered":"Startpaket, Basic"},"content":{"rendered":"","protected":false},"excerpt":{"rendered":"<p>F\u00f6r att komma ig\u00e5ng med en shop hos oss p\u00e5 NeH Store s\u00e5 beh\u00f6ver ni k\u00f6pa ett startpaket. Det fungerar egentligen som en garanti f\u00f6r oss, f\u00f6r att vi ska kunna ta fram transfertryck och brodyrkort till er och l\u00e4gga p\u00e5 lager.<\/p>\n<p><strong>Det som ing\u00e5r i detta startpaket \u00e4r f\u00f6ljande:<\/strong><br \/>\n<strong>&#8211; Transfertryck sm\u00e5<\/strong><br \/>\n<strong>&#8211; Brodyrkort litet<br \/>\n&#8211; Tillval av siffror p\u00e5 era produkter<br \/>\n&#8211; Tillval av initialer p\u00e5 era produkter<br \/>\n<\/strong><\/p>\n<p><em><strong>Detta startpaket kan allts\u00e5 INTE v\u00e4ljas om ni \u00f6nskar stora loggor p\u00e5 era plagg i shoppen.<\/strong><\/em><\/p>\n<p>F\u00f6ljande ing\u00e5r i de andra startpaketen, men <strong>inte<\/strong> i detta startpaket:<br \/>\n&#8211; Transfertryck stora<br \/>\n&#8211; Brodyrkort stort<br \/>\n&#8211; Tillval av namntryck p\u00e5 era produkter<\/p>\n","protected":false},"featured_media":2162,"template":"","meta":[],"product_brand":[],"product_cat":[24],"product_tag":[74,73],"class_list":{"0":"post-592","1":"product","2":"type-product","3":"status-publish","4":"has-post-thumbnail","6":"product_cat-startpaket","7":"product_tag-basic","8":"product_tag-startpaket","9":"has-post-title","10":"has-post-date","11":"has-post-category","12":"has-post-tag","13":"has-post-comment","14":"has-post-author","15":"","17":"first","18":"instock","19":"sold-individually","20":"shipping-taxable","21":"purchasable","22":"product-type-simple"},"builder_content":"","_links":{"self":[{"href":"https:\/\/nehstore.com\/nyshop\/wp-json\/wp\/v2\/product\/592","targetHints":{"allow":["GET"]}}],"collection":[{"href":"https:\/\/nehstore.com\/nyshop\/wp-json\/wp\/v2\/product"}],"about":[{"href":"https:\/\/nehstore.com\/nyshop\/wp-json\/wp\/v2\/types\/product"}],"wp:featuredmedia":[{"embeddable":true,"href":"https:\/\/nehstore.com\/nyshop\/wp-json\/wp\/v2\/media\/2162"}],"wp:attachment":[{"href":"https:\/\/nehstore.com\/nyshop\/wp-json\/wp\/v2\/media?parent=592"}],"wp:term":[{"taxonomy":"product_brand","embeddable":true,"href":"https:\/\/nehstore.com\/nyshop\/wp-json\/wp\/v2\/product_brand?post=592"},{"taxonomy":"product_cat","embeddable":true,"href":"https:\/\/nehstore.com\/nyshop\/wp-json\/wp\/v2\/product_cat?post=592"},{"taxonomy":"product_tag","embeddable":true,"href":"https:\/\/nehstore.com\/nyshop\/wp-json\/wp\/v2\/product_tag?post=592"}],"curies":[{"name":"wp","href":"https:\/\/api.w.org\/{rel}","templated":true}]}}