{"id":598,"date":"2024-01-17T12:24:19","date_gmt":"2024-01-17T12:24:19","guid":{"rendered":"https:\/\/nehstore.com\/nyshop\/?post_type=product&#038;p=598"},"modified":"2024-04-26T12:47:50","modified_gmt":"2024-04-26T12:47:50","slug":"piketroja-bomull-barn","status":"publish","type":"product","link":"https:\/\/nehstore.com\/nyshop\/produkt\/piketroja-bomull-barn\/","title":{"rendered":"Pik\u00e9tr\u00f6ja Bomull, Barn"},"content":{"rendered":"<p>Denna produkt finns \u00e4ven f\u00f6r <strong>DAM \u2013<\/strong> <a href=\"https:\/\/nehstore.com\/nyshop\/product\/piketroja-bomull-dam\/\"><em>klicka h\u00e4r<\/em><\/a><\/p>\n<p>Denna produkt finns \u00e4ven f\u00f6r <strong>HERR \u2013<\/strong> <a href=\"https:\/\/nehstore.com\/nyshop\/product\/piketroja-bomull-herr\/\"><em>klicka h\u00e4r<\/em><\/a><\/p>\n","protected":false},"excerpt":{"rendered":"<p>Pik\u00e9tr\u00f6ja i juniormodell gjord i en moder passform, 100% ringspunnen bomull med f\u00f6rst\u00e4rkt nackband, 2 ton-i-ton knappar och slitsar i vardera sida. Pik\u00e9n \u00e4r f\u00f6rkrympt och enzymbehandlad f\u00f6r en mjuk och sk\u00f6n k\u00e4nsla.<\/p>\n<div>\n<div><strong>Storlekar: <\/strong>90\/100, 110\/120, 130\/140 och 150\/160.<\/div>\n<div class=\"Text-sc-s31epd-0 iOMnrj d-inline f3-700 mr-1\"><strong>Material:<\/strong> 100% bomull.<\/div>\n<div>\n<div>\n<div class=\"Text-sc-s31epd-0 iOMnrj d-inline f3-700 mr-1\"><strong>Vikt:<\/strong> 190 g\/m2<\/div>\n<\/div>\n<\/div>\n<\/div>\n","protected":false},"featured_media":610,"template":"","meta":[],"product_brand":[],"product_cat":[21,22],"product_tag":[59,71,72,69,70,34],"class_list":{"0":"post-598","1":"product","2":"type-product","3":"status-publish","4":"has-post-thumbnail","6":"product_cat-barn","7":"product_cat-klader","8":"product_tag-barn","9":"product_tag-bomull","10":"product_tag-kortarmad","11":"product_tag-pike","12":"product_tag-piketroja","13":"product_tag-troja","14":"has-post-title","15":"has-post-date","16":"has-post-category","17":"has-post-tag","18":"has-post-comment","19":"has-post-author","20":"","22":"first","23":"instock","24":"shipping-taxable","25":"purchasable","26":"product-type-variable"},"builder_content":"","_links":{"self":[{"href":"https:\/\/nehstore.com\/nyshop\/wp-json\/wp\/v2\/product\/598","targetHints":{"allow":["GET"]}}],"collection":[{"href":"https:\/\/nehstore.com\/nyshop\/wp-json\/wp\/v2\/product"}],"about":[{"href":"https:\/\/nehstore.com\/nyshop\/wp-json\/wp\/v2\/types\/product"}],"wp:featuredmedia":[{"embeddable":true,"href":"https:\/\/nehstore.com\/nyshop\/wp-json\/wp\/v2\/media\/610"}],"wp:attachment":[{"href":"https:\/\/nehstore.com\/nyshop\/wp-json\/wp\/v2\/media?parent=598"}],"wp:term":[{"taxonomy":"product_brand","embeddable":true,"href":"https:\/\/nehstore.com\/nyshop\/wp-json\/wp\/v2\/product_brand?post=598"},{"taxonomy":"product_cat","embeddable":true,"href":"https:\/\/nehstore.com\/nyshop\/wp-json\/wp\/v2\/product_cat?post=598"},{"taxonomy":"product_tag","embeddable":true,"href":"https:\/\/nehstore.com\/nyshop\/wp-json\/wp\/v2\/product_tag?post=598"}],"curies":[{"name":"wp","href":"https:\/\/api.w.org\/{rel}","templated":true}]}}