{"id":677,"date":"2024-01-17T15:17:10","date_gmt":"2024-01-17T15:17:10","guid":{"rendered":"https:\/\/nehstore.com\/nyshop\/?post_type=product&#038;p=677"},"modified":"2024-04-26T12:47:49","modified_gmt":"2024-04-26T12:47:49","slug":"piketroja-funktion-unisex","status":"publish","type":"product","link":"https:\/\/nehstore.com\/nyshop\/produkt\/piketroja-funktion-unisex\/","title":{"rendered":"Pik\u00e9tr\u00f6ja Funktion, Unisex"},"content":{"rendered":"","protected":false},"excerpt":{"rendered":"<p>En unisex baspik\u00e9 f\u00f6r vardagsbruk med bra passform. Spun dyed tyg med pik\u00e9struktur. Pik\u00e9n har 3 ton-i-ton knappar, slitsar i sidorna och f\u00f6rst\u00e4rkt nackband.<\/p>\n<div>\n<div><strong>Storlekar: <\/strong>XS \u2013 4XL<\/div>\n<div class=\"Text-sc-s31epd-0 iOMnrj d-inline f3-700 mr-1\"><strong>Material:<\/strong> 100% polyester<\/div>\n<div>\n<div>\n<div class=\"Text-sc-s31epd-0 iOMnrj d-inline f3-700 mr-1\"><strong>Vikt:<\/strong> 160 g\/m2<\/div>\n<\/div>\n<\/div>\n<\/div>\n","protected":false},"featured_media":678,"template":"","meta":[],"product_brand":[],"product_cat":[19,20,22],"product_tag":[],"class_list":{"0":"post-677","1":"product","2":"type-product","3":"status-publish","4":"has-post-thumbnail","6":"product_cat-dam","7":"product_cat-herr","8":"product_cat-klader","9":"has-post-title","10":"has-post-date","11":"has-post-category","12":"has-post-tag","13":"has-post-comment","14":"has-post-author","15":"","17":"first","18":"instock","19":"shipping-taxable","20":"purchasable","21":"product-type-variable"},"builder_content":"","_links":{"self":[{"href":"https:\/\/nehstore.com\/nyshop\/wp-json\/wp\/v2\/product\/677","targetHints":{"allow":["GET"]}}],"collection":[{"href":"https:\/\/nehstore.com\/nyshop\/wp-json\/wp\/v2\/product"}],"about":[{"href":"https:\/\/nehstore.com\/nyshop\/wp-json\/wp\/v2\/types\/product"}],"wp:featuredmedia":[{"embeddable":true,"href":"https:\/\/nehstore.com\/nyshop\/wp-json\/wp\/v2\/media\/678"}],"wp:attachment":[{"href":"https:\/\/nehstore.com\/nyshop\/wp-json\/wp\/v2\/media?parent=677"}],"wp:term":[{"taxonomy":"product_brand","embeddable":true,"href":"https:\/\/nehstore.com\/nyshop\/wp-json\/wp\/v2\/product_brand?post=677"},{"taxonomy":"product_cat","embeddable":true,"href":"https:\/\/nehstore.com\/nyshop\/wp-json\/wp\/v2\/product_cat?post=677"},{"taxonomy":"product_tag","embeddable":true,"href":"https:\/\/nehstore.com\/nyshop\/wp-json\/wp\/v2\/product_tag?post=677"}],"curies":[{"name":"wp","href":"https:\/\/api.w.org\/{rel}","templated":true}]}}