{"id":756,"date":"2024-01-19T12:40:24","date_gmt":"2024-01-19T12:40:24","guid":{"rendered":"https:\/\/nehstore.com\/nyshop\/?post_type=product&#038;p=756"},"modified":"2024-04-26T12:47:48","modified_gmt":"2024-04-26T12:47:48","slug":"hoodtroja-bomull-unisex","status":"publish","type":"product","link":"https:\/\/nehstore.com\/nyshop\/produkt\/hoodtroja-bomull-unisex\/","title":{"rendered":"Hoodtr\u00f6ja Bomull, Unisex"},"content":{"rendered":"<p>Denna produkt finns \u00e4ven f\u00f6r <strong>BARN \u2013<\/strong> <a href=\"https:\/\/nehstore.com\/nyshop\/product\/hoodtroja-bomull-barn\/\"><em>klicka h\u00e4r<\/em><\/a><\/p>\n","protected":false},"excerpt":{"rendered":"<p>Sweatshirt med huva i unisexmodell med borstad insida, ribb i mudd och avslut nedtill. Dragsko i huva och ficka framtill. Smart detalj f\u00f6r att kunna b\u00e4ra h\u00f6rlurar ing\u00e5r. Observera att produkten heter bomull i namnet, men inneh\u00e5ller mestadels polyester. Tr\u00f6jan k\u00e4nns dock mjuk och sk\u00f6n som en bomullstr\u00f6ja, d\u00e4rav namnet.<\/p>\n<div>\n<div><strong>Storlekar: <\/strong>XS &#8211; 3XL* (vissa speciella f\u00e4rger finns i storlekarna XS &#8211; 5XL).<\/div>\n<div class=\"Text-sc-s31epd-0 iOMnrj d-inline f3-700 mr-1\"><strong>Material:<\/strong> 65% polyester och 35% bomull* (vissa speciella f\u00e4rger kan ha andra materialkombinationer).<\/div>\n<div>\n<div>\n<div class=\"Text-sc-s31epd-0 iOMnrj d-inline f3-700 mr-1\"><strong>Vikt:<\/strong> 280 g\/m2<\/div>\n<\/div>\n<\/div>\n<\/div>\n","protected":false},"featured_media":776,"template":"","meta":[],"product_brand":[],"product_cat":[19,20,22],"product_tag":[71,79,78,34,77],"class_list":{"0":"post-756","1":"product","2":"type-product","3":"status-publish","4":"has-post-thumbnail","6":"product_cat-dam","7":"product_cat-herr","8":"product_cat-klader","9":"product_tag-bomull","10":"product_tag-hood","11":"product_tag-hoodtroja","12":"product_tag-troja","13":"product_tag-unisex","14":"has-post-title","15":"has-post-date","16":"has-post-category","17":"has-post-tag","18":"has-post-comment","19":"has-post-author","20":"","22":"first","23":"instock","24":"shipping-taxable","25":"purchasable","26":"product-type-variable"},"builder_content":"","_links":{"self":[{"href":"https:\/\/nehstore.com\/nyshop\/wp-json\/wp\/v2\/product\/756","targetHints":{"allow":["GET"]}}],"collection":[{"href":"https:\/\/nehstore.com\/nyshop\/wp-json\/wp\/v2\/product"}],"about":[{"href":"https:\/\/nehstore.com\/nyshop\/wp-json\/wp\/v2\/types\/product"}],"wp:featuredmedia":[{"embeddable":true,"href":"https:\/\/nehstore.com\/nyshop\/wp-json\/wp\/v2\/media\/776"}],"wp:attachment":[{"href":"https:\/\/nehstore.com\/nyshop\/wp-json\/wp\/v2\/media?parent=756"}],"wp:term":[{"taxonomy":"product_brand","embeddable":true,"href":"https:\/\/nehstore.com\/nyshop\/wp-json\/wp\/v2\/product_brand?post=756"},{"taxonomy":"product_cat","embeddable":true,"href":"https:\/\/nehstore.com\/nyshop\/wp-json\/wp\/v2\/product_cat?post=756"},{"taxonomy":"product_tag","embeddable":true,"href":"https:\/\/nehstore.com\/nyshop\/wp-json\/wp\/v2\/product_tag?post=756"}],"curies":[{"name":"wp","href":"https:\/\/api.w.org\/{rel}","templated":true}]}}