{"id":788,"date":"2024-01-19T12:54:17","date_gmt":"2024-01-19T12:54:17","guid":{"rendered":"https:\/\/nehstore.com\/nyshop\/?post_type=product&#038;p=788"},"modified":"2024-04-26T12:47:47","modified_gmt":"2024-04-26T12:47:47","slug":"hoodtroja-funktion-barn","status":"publish","type":"product","link":"https:\/\/nehstore.com\/nyshop\/produkt\/hoodtroja-funktion-barn\/","title":{"rendered":"Hoodtr\u00f6ja Funktion, Barn"},"content":{"rendered":"<p>Denna produkt finns \u00e4ven f\u00f6r <strong>UNISEX \u2013<\/strong> <a href=\"https:\/\/nehstore.com\/nyshop\/product\/hoodtroja-funktion-unisex\/\"><em>klicka h\u00e4r<\/em><\/a><\/p>\n","protected":false},"excerpt":{"rendered":"<p>En spun dyed hoodtr\u00f6ja med k\u00e4nguruficka i juniormodell. Fiskbensm\u00f6nstrat nackband i halsen, ribbad mudd i \u00e4rmavslut och nedtill. Gjord utan dragsko till huvan f\u00f6r \u00f6kad barns\u00e4kerhet. Utrustad med smart h\u00f6rlursl\u00f6sning.<\/p>\n<div>\n<div><strong>Storlekar: <\/strong>90\/100, 110\/120, 130\/140 och 150\/160.<\/div>\n<div class=\"Text-sc-s31epd-0 iOMnrj d-inline f3-700 mr-1\"><strong>Material:<\/strong> 100% spun dyed polyester<\/div>\n<div>\n<div>\n<div class=\"Text-sc-s31epd-0 iOMnrj d-inline f3-700 mr-1\"><strong>Vikt:<\/strong> 280 g\/m2<\/div>\n<\/div>\n<\/div>\n<\/div>\n","protected":false},"featured_media":795,"template":"","meta":[],"product_brand":[],"product_cat":[21,22],"product_tag":[59,65,79,78],"class_list":{"0":"post-788","1":"product","2":"type-product","3":"status-publish","4":"has-post-thumbnail","6":"product_cat-barn","7":"product_cat-klader","8":"product_tag-barn","9":"product_tag-funktion","10":"product_tag-hood","11":"product_tag-hoodtroja","12":"has-post-title","13":"has-post-date","14":"has-post-category","15":"has-post-tag","16":"has-post-comment","17":"has-post-author","18":"","20":"first","21":"instock","22":"shipping-taxable","23":"purchasable","24":"product-type-variable"},"builder_content":"","_links":{"self":[{"href":"https:\/\/nehstore.com\/nyshop\/wp-json\/wp\/v2\/product\/788","targetHints":{"allow":["GET"]}}],"collection":[{"href":"https:\/\/nehstore.com\/nyshop\/wp-json\/wp\/v2\/product"}],"about":[{"href":"https:\/\/nehstore.com\/nyshop\/wp-json\/wp\/v2\/types\/product"}],"wp:featuredmedia":[{"embeddable":true,"href":"https:\/\/nehstore.com\/nyshop\/wp-json\/wp\/v2\/media\/795"}],"wp:attachment":[{"href":"https:\/\/nehstore.com\/nyshop\/wp-json\/wp\/v2\/media?parent=788"}],"wp:term":[{"taxonomy":"product_brand","embeddable":true,"href":"https:\/\/nehstore.com\/nyshop\/wp-json\/wp\/v2\/product_brand?post=788"},{"taxonomy":"product_cat","embeddable":true,"href":"https:\/\/nehstore.com\/nyshop\/wp-json\/wp\/v2\/product_cat?post=788"},{"taxonomy":"product_tag","embeddable":true,"href":"https:\/\/nehstore.com\/nyshop\/wp-json\/wp\/v2\/product_tag?post=788"}],"curies":[{"name":"wp","href":"https:\/\/api.w.org\/{rel}","templated":true}]}}