{"id":925,"date":"2024-01-24T12:06:41","date_gmt":"2024-01-24T12:06:41","guid":{"rendered":"https:\/\/nehstore.com\/nyshop\/?post_type=product&#038;p=925"},"modified":"2024-04-26T12:47:45","modified_gmt":"2024-04-26T12:47:45","slug":"shirt-zip-bomull-herr","status":"publish","type":"product","link":"https:\/\/nehstore.com\/nyshop\/produkt\/shirt-zip-bomull-herr\/","title":{"rendered":"Shirt Zip Bomull, Herr"},"content":{"rendered":"<p>Denna produkt finns \u00e4ven f\u00f6r <strong>DAM \u2013<\/strong> <a href=\"https:\/\/nehstore.com\/nyshop\/product\/shirt-zip-bomull-dam\/\"><em>klicka h\u00e4r<\/em><\/a><\/p>\n<p>Denna produkt finns \u00e4ven f\u00f6r <strong>BARN \u2013<\/strong> <a href=\"https:\/\/nehstore.com\/nyshop\/product\/shirt-zip-bomull-barn\/\"><em>klicka h\u00e4r<\/em><\/a><\/p>\n","protected":false},"excerpt":{"rendered":"<p>Sweatshirt cardigan med hel dragkedja framtill. Tv\u00e5 framfickor med dragkedjor, ribbad i mudd och avslut. Borstad insida. Mjukt och stabiliserat material som l\u00e4mpar sig perfekt f\u00f6r intensiv tv\u00e4tt, materialet \u00e4r \u00e4ven anti-pilling behandlat. Smart detalj f\u00f6r att kunna b\u00e4ra h\u00f6rlurar ing\u00e5r. Observera att produkten heter bomull i namnet, men inneh\u00e5ller mestadels polyester. Tr\u00f6jan k\u00e4nns dock mjuk och sk\u00f6n som en bomullstr\u00f6ja, d\u00e4rav namnet.<\/p>\n<div>\n<div><strong>Storlekar: <\/strong>XS &#8211; 3XL* (vissa speciella f\u00e4rger finns i storlekarna XS &#8211; 5XL).<\/div>\n<div class=\"Text-sc-s31epd-0 iOMnrj d-inline f3-700 mr-1\"><strong>Material:<\/strong> 65% polyester och 35% bomull* (vissa speciella f\u00e4rger kan ha andra materialkombinationer).<\/div>\n<div>\n<div>\n<div class=\"Text-sc-s31epd-0 iOMnrj d-inline f3-700 mr-1\"><strong>Vikt:<\/strong> 280 g\/m2<\/div>\n<\/div>\n<\/div>\n<\/div>\n","protected":false},"featured_media":1593,"template":"","meta":[],"product_brand":[],"product_cat":[20,22],"product_tag":[71,58,79,78,34,80],"class_list":{"0":"post-925","1":"product","2":"type-product","3":"status-publish","4":"has-post-thumbnail","6":"product_cat-herr","7":"product_cat-klader","8":"product_tag-bomull","9":"product_tag-herr","10":"product_tag-hood","11":"product_tag-hoodtroja","12":"product_tag-troja","13":"product_tag-zip","14":"has-post-title","15":"has-post-date","16":"has-post-category","17":"has-post-tag","18":"has-post-comment","19":"has-post-author","20":"","22":"first","23":"instock","24":"shipping-taxable","25":"purchasable","26":"product-type-variable"},"builder_content":"","_links":{"self":[{"href":"https:\/\/nehstore.com\/nyshop\/wp-json\/wp\/v2\/product\/925","targetHints":{"allow":["GET"]}}],"collection":[{"href":"https:\/\/nehstore.com\/nyshop\/wp-json\/wp\/v2\/product"}],"about":[{"href":"https:\/\/nehstore.com\/nyshop\/wp-json\/wp\/v2\/types\/product"}],"wp:featuredmedia":[{"embeddable":true,"href":"https:\/\/nehstore.com\/nyshop\/wp-json\/wp\/v2\/media\/1593"}],"wp:attachment":[{"href":"https:\/\/nehstore.com\/nyshop\/wp-json\/wp\/v2\/media?parent=925"}],"wp:term":[{"taxonomy":"product_brand","embeddable":true,"href":"https:\/\/nehstore.com\/nyshop\/wp-json\/wp\/v2\/product_brand?post=925"},{"taxonomy":"product_cat","embeddable":true,"href":"https:\/\/nehstore.com\/nyshop\/wp-json\/wp\/v2\/product_cat?post=925"},{"taxonomy":"product_tag","embeddable":true,"href":"https:\/\/nehstore.com\/nyshop\/wp-json\/wp\/v2\/product_tag?post=925"}],"curies":[{"name":"wp","href":"https:\/\/api.w.org\/{rel}","templated":true}]}}